{"id":52,"date":"2022-03-09T11:32:41","date_gmt":"2022-03-09T11:32:41","guid":{"rendered":"http:\/\/abal.com.tr\/?page_id=52"},"modified":"2022-03-22T12:07:19","modified_gmt":"2022-03-22T12:07:19","slug":"musteri-anket-formu","status":"publish","type":"page","link":"https:\/\/abal.com.tr\/?page_id=52","title":{"rendered":"M\u00fc\u015fteri Anket Formu"},"content":{"rendered":"\n<div class=\"forminator-guttenberg\"><div class=\"forminator-ui forminator-custom-form forminator-custom-form-126 forminator-design--material  forminator_ajax\" data-forminator-render=\"0\" data-form=\"forminator-module-126\"><br\/><\/div><form\n\t\t\t\tid=\"forminator-module-126\"\n\t\t\t\tclass=\"forminator-ui forminator-custom-form forminator-custom-form-126 forminator-design--material  forminator_ajax\"\n\t\t\t\tmethod=\"post\"\n\t\t\t\tdata-forminator-render=\"0\"\n\t\t\t\tdata-form-id=\"126\"\n\t\t\t\t\n\t\t\t\tdata-design=\"material\"\n\t\t\t\t\n\t\t\t\t\n\t\t\t\t\n\t\t\t\tdata-grid=\"open\"\n\t\t\t\t\n\t\t\t\t\n\t\t\t\tstyle=\"display: none;\"\n\t\t\t><div class=\"forminator-response-message forminator-error\" aria-hidden=\"true\"><\/div><div class=\"forminator-row\"><div id=\"name-1\" class=\"forminator-col forminator-col-4 \"><div class=\"forminator-field\"><label for=\"forminator-field-name-1\" class=\"forminator-label\">KURUM\/KURULU\u015e <span class=\"forminator-required\">*<\/span><\/label><input type=\"text\" name=\"name-1\" value=\"\" placeholder=\"\" id=\"forminator-field-name-1\" class=\"forminator-input forminator-name--field\" aria-required=\"true\" \/><\/div><\/div><div id=\"phone-1\" class=\"forminator-col forminator-col-4 \"><div class=\"forminator-field\"><label for=\"forminator-field-phone-1\" class=\"forminator-label\">Telefon Numaras\u0131 <span class=\"forminator-required\">*<\/span><\/label><input type=\"text\" name=\"phone-1\" value=\"\" placeholder=\"\" id=\"forminator-field-phone-1\" class=\"forminator-input forminator-field--phone\" data-required=\"1\" aria-required=\"true\" autocomplete=\"off\" data-validation=\"1\" \/><\/div><\/div><div id=\"email-1\" class=\"forminator-col forminator-col-4 \"><div class=\"forminator-field\"><label for=\"forminator-field-email-1\" class=\"forminator-label\">E-posta Adresi <span class=\"forminator-required\">*<\/span><\/label><input type=\"email\" name=\"email-1\" value=\"\" placeholder=\"\" id=\"forminator-field-email-1\" class=\"forminator-input forminator-email--field\" data-required=\"true\" aria-required=\"true\" \/><\/div><\/div><\/div><div class=\"forminator-row\"><div id=\"name-2\" class=\"forminator-col forminator-col-12 \"><div class=\"forminator-field\"><label for=\"forminator-field-name-2\" class=\"forminator-label\">FORMU DOLDURAN ADI SOYADI\/ <span class=\"forminator-required\">*<\/span><\/label><input type=\"text\" name=\"name-2\" value=\"\" placeholder=\"\" id=\"forminator-field-name-2\" class=\"forminator-input forminator-name--field\" aria-required=\"true\" \/><\/div><\/div><\/div><div class=\"forminator-row\"><div id=\"date-1\" class=\"forminator-col forminator-col-12 \"><div class=\"forminator-field\"><label for=\"forminator-field-date-1-picker-69e2592ac65ee\" class=\"forminator-label\">Tarih<\/label><div class=\"forminator-input-with-icon\"><label for=\"forminator-field-date-1-picker-69e2592ac65ee\"><span class=\"forminator-icon-calendar\" aria-hidden=\"true\"><\/span><\/label><input autocomplete=\"off\" type=\"text\" size=\"1\" name=\"date-1\" value=\"\" placeholder=\"Tarih Se\u00e7\" id=\"forminator-field-date-1-picker-69e2592ac65ee\" class=\"forminator-input forminator-datepicker\" data-required=\"\" data-format=\"mm\/dd\/yy\" data-restrict-type=\"\" data-restrict=\"\" data-start-year=\"1926\" data-end-year=\"2126\" data-past-dates=\"enable\" data-start-of-week=\"1\" data-start-date=\"\" data-end-date=\"\" data-start-field=\"\" data-end-field=\"\" data-start-offset=\"\" data-end-offset=\"\" data-disable-date=\"\" data-disable-range=\"\" \/><\/div><\/div><\/div><\/div><div class=\"forminator-row\"><div id=\"select-1\" class=\"forminator-col forminator-col-12 \"><div class=\"forminator-field\"><label for=\"forminator-form-126__field--select-1-label\" class=\"forminator-label\">Firmam\u0131zdan istedi\u011finiz fiyat teklifi istedi\u011finiz s\u00fcrede taraf\u0131n\u0131za ula\u015ft\u0131 m\u0131?<\/label><select id=\"forminator-form-126__field--select-1\" class=\"forminator-select--field forminator-select2\" data-required=\"\" name=\"select-1\" data-default-value=\"\" data-placeholder=\"Bir Se\u00e7enek Belirleyin\" data-search=\"false\"><option value=\"\">Bir Se\u00e7enek Belirleyin<\/option><option value=\"\u00e7ok-k\u00f6t\u00fc\"  data-calculation=\"0\">\u00e7ok k\u00f6t\u00fc<\/option><option value=\"k\u00f6t\u00fc\"  data-calculation=\"0\">k\u00f6t\u00fc<\/option><option value=\"orta\"  data-calculation=\"0\">orta<\/option><option value=\"iyi\"  data-calculation=\"0\">iyi<\/option><option value=\"\u00e7ok-iyi\"  data-calculation=\"0\">\u00e7ok iyi<\/option><\/select><\/div><\/div><\/div><div class=\"forminator-row\"><div id=\"select-2\" class=\"forminator-col forminator-col-12 \"><div class=\"forminator-field\"><label for=\"forminator-form-126__field--select-2-label\" class=\"forminator-label\">Firmam\u0131z taraf\u0131ndan verilen teklif i\u00e7eri\u011fi taleplerinize uygun olarak m\u0131 haz\u0131rlanm\u0131\u015f?<\/label><select id=\"forminator-form-126__field--select-2\" class=\"forminator-select--field forminator-select2\" data-required=\"\" name=\"select-2\" data-default-value=\"\" data-placeholder=\"Bir Se\u00e7enek Belirleyin\" data-search=\"false\"><option value=\"\">Bir Se\u00e7enek Belirleyin<\/option><option value=\"\u00e7ok-k\u00f6t\u00fc\"  data-calculation=\"0\">\u00e7ok k\u00f6t\u00fc<\/option><option value=\"k\u00f6t\u00fc\"  data-calculation=\"0\">k\u00f6t\u00fc<\/option><option value=\"orta\"  data-calculation=\"0\">orta<\/option><option value=\"iyi\"  data-calculation=\"0\">iyi<\/option><option value=\"\u00e7ok-iyi\"  data-calculation=\"0\">\u00e7ok iyi<\/option><\/select><\/div><\/div><\/div><div class=\"forminator-row\"><div id=\"select-3\" class=\"forminator-col forminator-col-12 \"><div class=\"forminator-field\"><label for=\"forminator-form-126__field--select-3-label\" class=\"forminator-label\">Firmam\u0131z taraf\u0131ndan verilen fiyat teklifini nas\u0131l buldunuz?<\/label><select id=\"forminator-form-126__field--select-3\" class=\"forminator-select--field forminator-select2\" data-required=\"\" name=\"select-3\" data-default-value=\"\" data-placeholder=\"Bir Se\u00e7enek Belirleyin\" data-search=\"false\"><option value=\"\">Bir Se\u00e7enek Belirleyin<\/option><option value=\"\u00e7ok-k\u00f6t\u00fc\"  data-calculation=\"0\">\u00e7ok k\u00f6t\u00fc<\/option><option value=\"k\u00f6t\u00fc\"  data-calculation=\"0\">k\u00f6t\u00fc<\/option><option value=\"orta\"  data-calculation=\"0\">orta<\/option><option value=\"iyi\"  data-calculation=\"0\">iyi<\/option><option value=\"\u00e7ok-iyi\"  data-calculation=\"0\">\u00e7ok iyi<\/option><\/select><\/div><\/div><\/div><div class=\"forminator-row\"><div id=\"select-4\" class=\"forminator-col forminator-col-12 \"><div class=\"forminator-field\"><label for=\"forminator-form-126__field--select-4-label\" class=\"forminator-label\">Sizlerle irtibata ge\u00e7en personelimiz ihtiyaclar\u0131n\u0131z\u0131 kar\u015f\u0131layacak \u015fekilde hizmet verdi mi?<\/label><select id=\"forminator-form-126__field--select-4\" class=\"forminator-select--field forminator-select2\" data-required=\"\" name=\"select-4\" data-default-value=\"\" data-placeholder=\"Bir Se\u00e7enek Belirleyin\" data-search=\"false\"><option value=\"\">Bir Se\u00e7enek Belirleyin<\/option><option value=\"\u00e7ok-k\u00f6t\u00fc\"  data-calculation=\"0\">\u00e7ok k\u00f6t\u00fc<\/option><option value=\"k\u00f6t\u00fc\"  data-calculation=\"0\">k\u00f6t\u00fc<\/option><option value=\"orta\"  data-calculation=\"0\">orta<\/option><option value=\"iyi\"  data-calculation=\"0\">iyi<\/option><option value=\"\u00e7ok-iyi\"  data-calculation=\"0\">\u00e7ok iyi<\/option><\/select><\/div><\/div><\/div><div class=\"forminator-row\"><div id=\"select-5\" class=\"forminator-col forminator-col-12 \"><div class=\"forminator-field\"><label for=\"forminator-form-126__field--select-5-label\" class=\"forminator-label\">Sizlere hizmet veren deney sorumlusu arkada\u015flar\u0131m\u0131z\u0131n g\u00f6rg\u00fc kurallar\u0131na uyumu nas\u0131ld\u0131?<\/label><select id=\"forminator-form-126__field--select-5\" class=\"forminator-select--field forminator-select2\" data-required=\"\" name=\"select-5\" data-default-value=\"\" data-placeholder=\"Bir Se\u00e7enek Belirleyin\" data-search=\"false\"><option value=\"\">Bir Se\u00e7enek Belirleyin<\/option><option value=\"\u00e7ok-k\u00f6t\u00fc\"  data-calculation=\"0\">\u00e7ok k\u00f6t\u00fc<\/option><option value=\"k\u00f6t\u00fc\"  data-calculation=\"0\">k\u00f6t\u00fc<\/option><option value=\"orta\"  data-calculation=\"0\">orta<\/option><option value=\"iyi\"  data-calculation=\"0\">iyi<\/option><option value=\"\u00e7ok-iyi\"  data-calculation=\"0\">\u00e7ok iyi<\/option><\/select><\/div><\/div><\/div><div class=\"forminator-row\"><div id=\"select-6\" class=\"forminator-col forminator-col-12 \"><div class=\"forminator-field\"><label for=\"forminator-form-126__field--select-6-label\" class=\"forminator-label\">Sizlere hizmet veren deney sorumlusu arkada\u015flar\u0131m\u0131z\u0131n i\u015f ahlak\u0131n\u0131 nas\u0131l de\u011ferlendirirsiniz?<\/label><select id=\"forminator-form-126__field--select-6\" class=\"forminator-select--field forminator-select2\" data-required=\"\" name=\"select-6\" data-default-value=\"\" data-placeholder=\"Bir Se\u00e7enek Belirleyin\" data-search=\"false\"><option value=\"\">Bir Se\u00e7enek Belirleyin<\/option><option value=\"\u00e7ok-k\u00f6t\u00fc\"  data-calculation=\"0\">\u00e7ok k\u00f6t\u00fc<\/option><option value=\"k\u00f6t\u00fc\"  data-calculation=\"0\">k\u00f6t\u00fc<\/option><option value=\"orta\"  data-calculation=\"0\">orta<\/option><option value=\"iyi\"  data-calculation=\"0\">iyi<\/option><option value=\"\u00e7ok-iyi\"  data-calculation=\"0\">\u00e7ok iyi<\/option><\/select><\/div><\/div><\/div><div class=\"forminator-row\"><div id=\"select-7\" class=\"forminator-col forminator-col-12 \"><div class=\"forminator-field\"><label for=\"forminator-form-126__field--select-7-label\" class=\"forminator-label\">Sizlere hizmet veren deney sorumlusu arkada\u015flar\u0131m\u0131z\u0131n i\u015f sa\u011fl\u0131\u011f\u0131 ve i\u015f g\u00fcvenli\u011fi kurallar\u0131na uyumu nas\u0131ld\u0131?<\/label><select id=\"forminator-form-126__field--select-7\" class=\"forminator-select--field forminator-select2\" data-required=\"\" name=\"select-7\" data-default-value=\"\" data-placeholder=\"Bir Se\u00e7enek Belirleyin\" data-search=\"false\"><option value=\"\">Bir Se\u00e7enek Belirleyin<\/option><option value=\"\u00e7ok-k\u00f6t\u00fc\"  data-calculation=\"0\">\u00e7ok k\u00f6t\u00fc<\/option><option value=\"k\u00f6t\u00fc\"  data-calculation=\"0\">k\u00f6t\u00fc<\/option><option value=\"orta\"  data-calculation=\"0\">orta<\/option><option value=\"iyi\"  data-calculation=\"0\">iyi<\/option><option value=\"\u00e7ok-iyi\"  data-calculation=\"0\">\u00e7ok iyi<\/option><\/select><\/div><\/div><\/div><div class=\"forminator-row\"><div id=\"select-8\" class=\"forminator-col forminator-col-12 \"><div class=\"forminator-field\"><label for=\"forminator-form-126__field--select-8-label\" class=\"forminator-label\">Firmam\u0131z taraf\u0131ndan haz\u0131rlanan \u00f6l\u00e7\u00fcm raporu ihtiyac\u0131n\u0131z\u0131 kar\u015f\u0131layacak \u015fekilde mi haz\u0131rlanm\u0131\u015f?<\/label><select id=\"forminator-form-126__field--select-8\" class=\"forminator-select--field forminator-select2\" data-required=\"\" name=\"select-8\" data-default-value=\"\" data-placeholder=\"Bir Se\u00e7enek Belirleyin\" data-search=\"false\"><option value=\"\">Bir Se\u00e7enek Belirleyin<\/option><option value=\"\u00e7ok-k\u00f6t\u00fc\"  data-calculation=\"0\">\u00e7ok k\u00f6t\u00fc<\/option><option value=\"k\u00f6t\u00fc\"  data-calculation=\"0\">k\u00f6t\u00fc<\/option><option value=\"orta\"  data-calculation=\"0\">orta<\/option><option value=\"iyi\"  data-calculation=\"0\">iyi<\/option><option value=\"\u00e7ok-iyi\"  data-calculation=\"0\">\u00e7ok iyi<\/option><\/select><\/div><\/div><\/div><div class=\"forminator-row\"><div id=\"select-9\" class=\"forminator-col forminator-col-12 \"><div class=\"forminator-field\"><label for=\"forminator-form-126__field--select-9-label\" class=\"forminator-label\">Firmam\u0131z taraf\u0131ndan haz\u0131rlanan \u00f6l\u00e7\u00fcm raporu anla\u015f\u0131l\u0131r \u015fekilde mi haz\u0131rlanm\u0131\u015f?<\/label><select id=\"forminator-form-126__field--select-9\" class=\"forminator-select--field forminator-select2\" data-required=\"\" name=\"select-9\" data-default-value=\"\" data-placeholder=\"Bir Se\u00e7enek Belirleyin\" data-search=\"false\"><option value=\"\">Bir Se\u00e7enek Belirleyin<\/option><option value=\"\u00e7ok-k\u00f6t\u00fc\"  data-calculation=\"0\">\u00e7ok k\u00f6t\u00fc<\/option><option value=\"k\u00f6t\u00fc\"  data-calculation=\"0\">k\u00f6t\u00fc<\/option><option value=\"orta\"  data-calculation=\"0\">orta<\/option><option value=\"iyi\"  data-calculation=\"0\">iyi<\/option><option value=\"\u00e7ok-iyi\"  data-calculation=\"0\">\u00e7ok iyi<\/option><\/select><\/div><\/div><\/div><div class=\"forminator-row\"><div id=\"checkbox-1\" class=\"forminator-col forminator-col-12 \"><div role=\"group\" class=\"forminator-field\" aria-labelledby=\"forminator-checkbox-group-69e2592ac7144-label\"><h4 id=\"forminator-checkbox-group-69e2592ac7144-label\" class=\"forminator-label\">Firmam\u0131z taraf\u0131ndan haz\u0131rlanan raporlar teklifimizde yer alan teslimat s\u00fcresine g\u00f6re elinize ula\u015ft\u0131 m\u0131?<\/h4><label for=\"forminator-field-checkbox-1-1-69e2592ac7144\" class=\"forminator-checkbox forminator-checkbox-inline\" title=\"evet\"><input type=\"checkbox\" name=\"checkbox-1[]\" value=\"evet\" id=\"forminator-field-checkbox-1-1-69e2592ac7144\" data-calculation=\"0\"  \/><span class=\"forminator-checkbox-box\" aria-hidden=\"true\"><\/span><span class=\"forminator-checkbox-label\">evet<\/span><\/label><label for=\"forminator-field-checkbox-1-2-69e2592ac7144\" class=\"forminator-checkbox forminator-checkbox-inline\" title=\"hay\u0131r\"><input type=\"checkbox\" name=\"checkbox-1[]\" value=\"hay\u0131r\" id=\"forminator-field-checkbox-1-2-69e2592ac7144\" data-calculation=\"0\"  \/><span class=\"forminator-checkbox-box\" aria-hidden=\"true\"><\/span><span class=\"forminator-checkbox-label\">hay\u0131r<\/span><\/label><\/div><\/div><\/div><div class=\"forminator-row\"><div id=\"checkbox-2\" class=\"forminator-col forminator-col-6 \"><div role=\"group\" class=\"forminator-field\" aria-labelledby=\"forminator-checkbox-group-69e2592ac719b-label\"><h4 id=\"forminator-checkbox-group-69e2592ac719b-label\" class=\"forminator-label\">Genel olarak sizlere verdi\u011fimiz hizmetten memnun musunuz?<\/h4><label for=\"forminator-field-checkbox-2-1-69e2592ac719b\" class=\"forminator-checkbox forminator-checkbox-inline\" title=\"evet\"><input type=\"checkbox\" name=\"checkbox-2[]\" value=\" 0\" id=\"forminator-field-checkbox-2-1-69e2592ac719b\" data-calculation=\"0\"  \/><span class=\"forminator-checkbox-box\" aria-hidden=\"true\"><\/span><span class=\"forminator-checkbox-label\">evet<\/span><\/label><label for=\"forminator-field-checkbox-2-2-69e2592ac719b\" class=\"forminator-checkbox forminator-checkbox-inline\" title=\"hay\u0131r\"><input type=\"checkbox\" name=\"checkbox-2[]\" value=\"hay\u0131r\" id=\"forminator-field-checkbox-2-2-69e2592ac719b\" data-calculation=\"0\"  \/><span class=\"forminator-checkbox-box\" aria-hidden=\"true\"><\/span><span class=\"forminator-checkbox-label\">hay\u0131r<\/span><\/label><\/div><\/div><div id=\"textarea-1\" class=\"forminator-col forminator-col-6 \"><div class=\"forminator-field\"><label for=\"forminator-field-textarea-1\" class=\"forminator-label\">(cevab\u0131n\u0131z hay\u0131r ise; l\u00fctfen a\u00e7\u0131klay\u0131n\u0131z)<\/label><textarea name=\"textarea-1\" placeholder=\"0\" id=\"forminator-field-textarea-1\" class=\"forminator-textarea\" rows=\"6\" style=\"min-height:140px;\" maxlength=\"180\" ><\/textarea><span class=\"forminator-description\"><span data-limit=\"180\" data-type=\"characters\">0 \/ 180<\/span><\/span><\/div><\/div><\/div><div class=\"forminator-row\"><div id=\"textarea-2\" class=\"forminator-col forminator-col-12 \"><div class=\"forminator-field\"><label for=\"forminator-field-textarea-2\" class=\"forminator-label\">Firman\u0131za daha iyi hizmet verebilmemiz i\u00e7in \u00f6nerileriniz var m\u0131d\u0131r, varsa nelerdir ?<\/label><textarea name=\"textarea-2\" placeholder=\"\" id=\"forminator-field-textarea-2\" class=\"forminator-textarea\" rows=\"6\" style=\"min-height:140px;\" ><\/textarea><\/div><\/div><\/div><div class=\"forminator-row\"><div id=\"captcha-1\" class=\"forminator-col forminator-col-12 \"><div class=\"forminator-g-recaptcha\" data-theme=\"light\"  data-sitekey=\"6LeETMgeAAAAAMnr8N33sXGjwRxkWTRsmc9ecEmi\" data-size=\"normal\"><\/div> <\/div><\/div><input type=\"hidden\" name=\"referer_url\" value=\"\" \/><div class=\"forminator-row forminator-row-last\"><div class=\"forminator-col\"><div class=\"forminator-field\"><button class=\"forminator-button forminator-button-submit\"><span>G&ouml;nder<\/span><span aria-hidden=\"true\"><\/span><\/button><\/div><\/div><\/div><input type=\"hidden\" id=\"forminator_nonce\" name=\"forminator_nonce\" value=\"d7189f72a8\" \/><input type=\"hidden\" name=\"_wp_http_referer\" value=\"\/index.php?rest_route=%2Fwp%2Fv2%2Fpages%2F52\" \/><input type=\"hidden\" name=\"form_id\" value=\"126\"><input type=\"hidden\" name=\"page_id\" value=\"52\"><input type=\"hidden\" name=\"form_type\" value=\"default\"><input type=\"hidden\" name=\"current_url\" value=\"https:\/\/abal.com.tr\/?rest_route=%2Fwp%2Fv2%2Fpages%2F52\"><input type=\"hidden\" name=\"render_id\" value=\"0\"><input type=\"hidden\" name=\"action\" value=\"forminator_submit_form_custom-forms\"><\/form><\/div>\n","protected":false},"excerpt":{"rendered":"","protected":false},"author":1,"featured_media":0,"parent":0,"menu_order":0,"comment_status":"closed","ping_status":"closed","template":"","meta":[],"_links":{"self":[{"href":"https:\/\/abal.com.tr\/index.php?rest_route=\/wp\/v2\/pages\/52"}],"collection":[{"href":"https:\/\/abal.com.tr\/index.php?rest_route=\/wp\/v2\/pages"}],"about":[{"href":"https:\/\/abal.com.tr\/index.php?rest_route=\/wp\/v2\/types\/page"}],"author":[{"embeddable":true,"href":"https:\/\/abal.com.tr\/index.php?rest_route=\/wp\/v2\/users\/1"}],"replies":[{"embeddable":true,"href":"https:\/\/abal.com.tr\/index.php?rest_route=%2Fwp%2Fv2%2Fcomments&post=52"}],"version-history":[{"count":2,"href":"https:\/\/abal.com.tr\/index.php?rest_route=\/wp\/v2\/pages\/52\/revisions"}],"predecessor-version":[{"id":128,"href":"https:\/\/abal.com.tr\/index.php?rest_route=\/wp\/v2\/pages\/52\/revisions\/128"}],"wp:attachment":[{"href":"https:\/\/abal.com.tr\/index.php?rest_route=%2Fwp%2Fv2%2Fmedia&parent=52"}],"curies":[{"name":"wp","href":"https:\/\/api.w.org\/{rel}","templated":true}]}}