{"id":45,"date":"2022-03-09T11:25:47","date_gmt":"2022-03-09T11:25:47","guid":{"rendered":"http:\/\/abal.com.tr\/?page_id=45"},"modified":"2022-05-20T09:45:05","modified_gmt":"2022-05-20T09:45:05","slug":"duyurular","status":"publish","type":"page","link":"https:\/\/abal.com.tr\/?page_id=45","title":{"rendered":"DUYURULAR"},"content":{"rendered":"\n<div class=\"is-layout-flex wp-container-2 wp-block-columns has-black-color has-text-color\">\n<div class=\"is-layout-flow wp-block-column\">\n\n\n    \n\t\t<meta http-equiv=\"X-UA-Compatible\" content=\"IE=edge\">\n<title>Duyuru Listesi &#8211; \u00c7evre Referans Laboratuvar\u0131<\/title>\n\n<!--Favicon-->\n<link rel=\"shortcut icon\" href=\"\/public\/webadmin\/img\/favicon\/favicon-16x16.png\" type=\"image\/x-icon\">\n<link rel=\"icon\" href=\"\/public\/webadmin\/img\/favicon\/favicon-16x16.png\" type=\"image\/x-icon\">\n\n<!--Canonical-->\n<link rel=\"canonical\" href=\"https:\/\/lab.csb.gov.tr\/duyurular\"> \n\n<meta name=\"description\" content=\"T.C. \u00c7EVRE, \u015eEH\u0130RC\u0130L\u0130K ve \u0130KL\u0130M DE\u011e\u0130\u015e\u0130KL\u0130\u011e\u0130 BAKANLI\u011eI\">\n<meta name=\"keywords\" content=\"\">\n<meta name=\"author\" content=\"lab.csb.gov.tr\/\">\n\n<meta property=\"og:type\" content=\"website\">\n<meta property=\"og:title\" content=\"Duyuru Listesi - \u00c7evre Referans Laboratuvar\u0131\">\n<meta property=\"og:url\" content=\"https:\/\/lab.csb.gov.tr\/duyurular\">\n<meta property=\"og:description\" content=\"T.C. \u00c7EVRE, \u015eEH\u0130RC\u0130L\u0130K ve \u0130KL\u0130M DE\u011e\u0130\u015e\u0130KL\u0130\u011e\u0130 BAKANLI\u011eI\">\n<meta property=\"og:image\" content=\"\">\n<meta content=\"\" itemprop=\"image\">\n \n<meta name=\"twitter:card\" content=\"T.C. \u00c7EVRE, \u015eEH\u0130RC\u0130L\u0130K ve \u0130KL\u0130M DE\u011e\u0130\u015e\u0130KL\u0130\u011e\u0130 BAKANLI\u011eI\">\n<meta name=\"twitter:title\" content=\"Duyuru Listesi - \u00c7evre Referans Laboratuvar\u0131\">\n<meta name=\"twitter:url\" content=\"https:\/\/lab.csb.gov.tr\/duyurular\">\n<meta name=\"twitter:description\" content=\"T.C. \u00c7EVRE, \u015eEH\u0130RC\u0130L\u0130K ve \u0130KL\u0130M DE\u011e\u0130\u015e\u0130KL\u0130\u011e\u0130 BAKANLI\u011eI\">\n<meta name=\"twitter:image\" content=\"\">\n\n<meta charset=\"utf-8\">\n<meta name=\"viewport\" content=\"width=device-width, initial-scale=1, shrink-to-fit=no\">\n\t\t<link rel=\"stylesheet\" href=\"\/public\/website\/template3\/css\/bootstrap.min.css\">\n<link rel=\"stylesheet\" href=\"\/public\/website\/template3\/css\/font-awesome.min.css\">\n<link rel=\"stylesheet\" href=\"\/public\/website\/template3\/css\/animate.min.css\">\n<link rel=\"stylesheet\" href=\"\/public\/website\/template3\/css\/slick.css\">\n<link rel=\"stylesheet\" href=\"\/public\/website\/template3\/css\/fancybox.css\">\n<link rel=\"stylesheet\" href=\"\/public\/website\/template3\/css\/style.css\">\n<link rel=\"stylesheet\" href=\"\/public\/website\/template3\/css\/popup.css\">\n<link rel=\"stylesheet\" href=\"\/public\/website\/template3\/css\/custom.css\">\n\n<script type=\"text\/javascript\">\n\tvar baseUrl\t=\"\/\";\n\tvar ajaxloader=\"\/public\/webadmin\/img\/ajax-loader.gif\";\n\tvar ajaxerrmsg=\"Bir Hata Olu\u015ftu\";\n<\/script>\t\n\t\n\t\n\t\t\t\t\t\t\n\n\t\t\t\t\t\t\n\n\t\t<div class=\"start\">\n           \t\n\t<div class=\"col-sm-9 col-xs-12 pr-0 city_pd \">\n\t\t\t\t\t\t<div class=\"im_announcements\">\n\t\t\t<div class=\"white_bg text_padding\">\n\t\t\t\t<div class=\"page_title\">\n\t\t\t\t\t\t\t\t<\/div>\n\t\t\t\t<div class=\"row\">\n\t\t\t\t\t\t\t\t\t\t\t<div class=\"col-xs-12\">\n\t\t\t\t\t\t\t<div class=\"items\">\n\t\t\t\t\t\t\t\t\t\t\t\t\t\t\t\t\t<div class=\"item\">\n\t\t\t\t\t\t\t\t\t\t<div class=\"date\">\n\t\t\t\t\t\t\t\t\t\t\t<strong>17<\/strong>\n\t\t\t\t\t\t\t\t\t\t\t<strong>May\u0131s<\/strong>\n\t\t\t\t\t\t\t\t\t\t\t<strong>2022<\/strong>\n\t\t\t\t\t\t\t\t\t\t<\/div>\n\t\t\t\t\t\t\t\t\t\t<a href=\"https:\/\/lab.csb.gov.tr\/2022-yili-1.-yt-organizasyonu-duyuru-426274\">\n\t\t\t\t\t\t\t\t\t\t\t<span class=\"title\">2022 y\u0131l\u0131 1. YT Organizasyonu<\/span>\n\t\t\t\t\t\t\t\t\t\t\t<span class=\"desc\" style=\"height: 52px\">2022 y\u0131l\u0131 1. YT Organizasyonu<\/span>\n\t\t\t\t\t\t\t\t\t\t\t\t\t\t\t\t\t\t\t\t\t<\/a>\n\t\t\t\t\t\t\t\t\t<\/div>\n\t\t\t\t\t\t\t\t\t\t\t\t\t\t\t\t\t<div class=\"item\">\n\t\t\t\t\t\t\t\t\t\t<div class=\"date\">\n\t\t\t\t\t\t\t\t\t\t\t<strong>06<\/strong>\n\t\t\t\t\t\t\t\t\t\t\t<strong>Nisan<\/strong>\n\t\t\t\t\t\t\t\t\t\t\t<strong>2022<\/strong>\n\t\t\t\t\t\t\t\t\t\t<\/div>\n\t\t\t\t\t\t\t\t\t\t<a href=\"https:\/\/lab.csb.gov.tr\/melbes-yetkilendirme-talepleri-hk.-olur-duyuru-422860\">\n\t\t\t\t\t\t\t\t\t\t\t<span class=\"title\">MELBES Yetkilendirme Talepleri Hk. Olur<\/span>\n\t\t\t\t\t\t\t\t\t\t\t<span class=\"desc\" style=\"height: 52px\">MELBES Yetkilendirme Talepleri Hk. Olur<\/span>\n\t\t\t\t\t\t\t\t\t\t\t\t\t\t\t\t\t\t\t\t\t<\/a>\n\t\t\t\t\t\t\t\t\t<\/div>\n\t\t\t\t\t\t\t\t\t\t\t\t\t\t\t\t\t<div class=\"item\">\n\t\t\t\t\t\t\t\t\t\t<div class=\"date\">\n\t\t\t\t\t\t\t\t\t\t\t<strong>04<\/strong>\n\t\t\t\t\t\t\t\t\t\t\t<strong>Nisan<\/strong>\n\t\t\t\t\t\t\t\t\t\t\t<strong>2022<\/strong>\n\t\t\t\t\t\t\t\t\t\t<\/div>\n\t\t\t\t\t\t\t\t\t\t<a href=\"https:\/\/lab.csb.gov.tr\/kirletici-salim-ve-tasima-kaydi-yonetmeligi-bilgilendirme-ve-duyuru-metni-duyuru-422833\">\n\t\t\t\t\t\t\t\t\t\t\t<span class=\"title\">K\u0130RLET\u0130C\u0130 SALIM VE TA\u015eIMA KAYDI Y\u00d6NETMEL\u0130\u011e\u0130 B\u0130LG\u0130LEND\u0130RME VE DUYURU METN\u0130<\/span>\n\t\t\t\t\t\t\t\t\t\t\t<span class=\"desc\" style=\"height: 52px\">K\u0130RLET\u0130C\u0130 SALIM VE TA\u015eIMA KAYDI Y\u00d6NETMEL\u0130\u011e\u0130 B\u0130LG\u0130LEND\u0130RME VE DUYURU METN\u0130<\/span>\n\t\t\t\t\t\t\t\t\t\t\t\t\t\t\t\t\t\t\t\t\t<\/a>\n\t\t\t\t\t\t\t\t\t<\/div>\n\t\t\t\t\t\t\t\t\t\t\t\t\t\t\t\t\t<div class=\"item\">\n\t\t\t\t\t\t\t\t\t\t<div class=\"date\">\n\t\t\t\t\t\t\t\t\t\t\t<strong>31<\/strong>\n\t\t\t\t\t\t\t\t\t\t\t<strong>Ocak<\/strong>\n\t\t\t\t\t\t\t\t\t\t\t<strong>2022<\/strong>\n\t\t\t\t\t\t\t\t\t\t<\/div>\n\t\t\t\t\t\t\t\t\t\t<a href=\"https:\/\/lab.csb.gov.tr\/kamu-ihale-kanunu-ve-asgari-fiyat-tarifesi-hakkinda-duyuru-duyuru-422136\">\n\t\t\t\t\t\t\t\t\t\t\t<span class=\"title\">Kamu \u0130hale Kanunu ve Asgari Fiyat Tarifesi Hakk\u0131nda Duyuru<\/span>\n\t\t\t\t\t\t\t\t\t\t\t<span class=\"desc\" style=\"height: 52px\">Kamu \u0130hale Kanunu ve Asgari Fiyat Tarifesi Hakk\u0131nda Duyuru<\/span>\n\t\t\t\t\t\t\t\t\t\t\t\t\t\t\t\t\t\t\t\t\t<\/a>\n\t\t\t\t\t\t\t\t\t<\/div>\n\t\t\t\t\t\t\t\t\t\t\t\t\t\t\t\t\t<div class=\"item\">\n\t\t\t\t\t\t\t\t\t\t<div class=\"date\">\n\t\t\t\t\t\t\t\t\t\t\t<strong>31<\/strong>\n\t\t\t\t\t\t\t\t\t\t\t<strong>Aralik<\/strong>\n\t\t\t\t\t\t\t\t\t\t\t<strong>2021<\/strong>\n\t\t\t\t\t\t\t\t\t\t<\/div>\n\t\t\t\t\t\t\t\t\t\t<a href=\"https:\/\/lab.csb.gov.tr\/olcum-numune-alma-ve-emisyon-imisyon-raporlama-egitimleri-telafi-sinavi-sonuclari-duyuru-421798\">\n\t\t\t\t\t\t\t\t\t\t\t<span class=\"title\">\u201c\u00d6L\u00c7\u00dcM, NUMUNE ALMA VE EM\u0130SYON-\u0130M\u0130SYON RAPORLAMA E\u011e\u0130T\u0130MLER\u0130\u201d TELAF\u0130 SINAVI SONU\u00c7LARI<\/span>\n\t\t\t\t\t\t\t\t\t\t\t<span class=\"desc\" style=\"height: 52px\">\u201c\u00d6L\u00c7\u00dcM, NUMUNE ALMA VE EM\u0130SYON-\u0130M\u0130SYON RAPORLAMA E\u011e\u0130T\u0130MLER\u0130\u201d TELAF\u0130 SINAVI SONU\u00c7LARI<\/span>\n\t\t\t\t\t\t\t\t\t\t\t\t\t\t\t\t\t\t\t\t\t<\/a>\n\t\t\t\t\t\t\t\t\t<\/div>\n\t\t\t\t\t\t\t\t\t\t\t\t\t\t\t\t\t<div class=\"item\">\n\t\t\t\t\t\t\t\t\t\t<div class=\"date\">\n\t\t\t\t\t\t\t\t\t\t\t<strong>30<\/strong>\n\t\t\t\t\t\t\t\t\t\t\t<strong>Aralik<\/strong>\n\t\t\t\t\t\t\t\t\t\t\t<strong>2021<\/strong>\n\t\t\t\t\t\t\t\t\t\t<\/div>\n\t\t\t\t\t\t\t\t\t\t<a href=\"https:\/\/lab.csb.gov.tr\/yetkili-cevre-laboratuvarlari-2022-yili-asgari-fiyat-tarifesi-duyuru-421782\">\n\t\t\t\t\t\t\t\t\t\t\t<span class=\"title\">Yetkili \u00c7evre Laboratuvarlar\u0131 2022 Y\u0131l\u0131 Asgari Fiyat Tarifesi<\/span>\n\t\t\t\t\t\t\t\t\t\t\t<span class=\"desc\" style=\"height: 52px\">Yetkili \u00c7evre Laboratuvarlar\u0131 2022 Y\u0131l\u0131 Asgari Fiyat Tarifesi<\/span>\n\t\t\t\t\t\t\t\t\t\t\t\t\t\t\t\t\t\t\t\t\t<\/a>\n\t\t\t\t\t\t\t\t\t<\/div>\n\n\t\t\t\t\t\t\t\t\t\t<\/div>\n\t\t\t\t\t\t\t\t\t\t\n\t\t\t\t\t\t\t\t\t<\/div>\n\t\t\t\t\t\t\t\t\t\t\t\t\t\t\t<\/div>\n\t\t\t\t\t\t<\/div>\t\t\n\t\t<link rel=\"stylesheet\" href=\"\/public\/website\/template3\/css\/jquery.fancybox.min.css\">\n<style>\n.main-container.page .page-content .video-list article .artc-header, .main-container.page .page-content .foto-list article .artc-header{height: 70px;}\n.main-container.page .page-content .video-list article, .main-container.page .page-content .foto-list article{margin-bottom:0px}\n.main-container.page .page-content{padding: 0px}\n@media print {\n  body * {\n    visibility: hidden;\n  }\n  .content, .content * {\n    visibility: visible;\n  }\n  .content {\n    position: absolute;\n    left: 0;\n    top: 0;\n  }\n  .next-prev-post,.next-prev-post *{\n    visibility: hidden;\n  }\n}\n.im_announcements .page_title .select select, .im_announcements .page_title .select .select2-selection {\n    float: left;\n    width: 274px;\n    display: inline-block;\n    height: 40px;\n    border: 1px solid #c9c9c9;\n    border-radius: 3px;\n    padding: 5px 10px;\n    color: #2d2d2d;\n    font-weight: 700;\n}\n.im_announcements .page_title .select .select2-selection {\n    color: #888;\n    font-weight: 400;\n    padding-right: 45px;\n    -webkit-appearance: none;\n    -moz-appearance: none;\n    appearance: none;\n    background-image: url(http:\/\/csbwebtest.csb.gov.tr\/public\/website\/template3\/images\/select-arrow-icon-full.png);\n    background-repeat: no-repeat;\n    background-size: 42px 40px;\n    background-position: calc(100%) 0;\n}\n\n.im_announcements .page_title .select select, .directorate_map .map-area .map-list .select .select2-selection {\n    float: left;\n    width: 274px;\n    display: inline-block;\n    height: 40px;\n    border: 1px solid #c9c9c9;\n    border-radius: 3px;\n    padding: 5px 10px;\n    color: #2d2d2d;\n    font-weight: 700;\n}\n.im_announcements .page_title .select2-container--default .select2-selection--single .select2-selection__arrow {\n    display: none;\n}\n.select2-container--default .select2-selection--single .select2-selection__rendered{font-size:16px;}\n.categoryselect{margin-bottom: 20px;}\n<\/style>\n<link rel=\"stylesheet\" href=\"\/public\/website\/template3\/css\/select2.min.css\">\n\t\t<!-- Global site tag (gtag.js) - Google Analytics -->\n<script async=\"\" src=\"https:\/\/www.googletagmanager.com\/gtag\/js?id=UA-45311534-1\"><\/script>\n<script>\n  window.dataLayer = window.dataLayer || [];\n  function gtag(){dataLayer.push(arguments);}\n  gtag('js', new Date());\n  gtag('config', 'UA-45311534-1');\n<\/script>\n\n<script src=\"\/public\/website\/template3\/js\/jquery-3.5.1.js\"><\/script> \n<script src=\"\/public\/website\/template3\/js\/bootstrap.min.js\"><\/script>\n<script src=\"\/public\/website\/template3\/js\/slick-animation.min.js\"><\/script>\n<script src=\"\/public\/website\/template3\/js\/slick.min.js\"><\/script>  \n<script src=\"\/public\/website\/template3\/js\/jquery.fancybox.min.js\"><\/script>\n<script src=\"\/public\/website\/template3\/js\/wow.min.js\"><\/script>\n<script src=\"\/public\/website\/template3\/js\/ready.js\"><\/script>\n\n<script>\n\tnew WOW().init();\n\t$(document).on('click', '.popup-modal .exit', function(e) {\n\t\t\n\t\te.preventDefault();\n\t\t$(this).parents('.popup-modal').removeClass('open');\n\t});\n\t$(document).ready(function(){\n\t\t$(\"#mainModal\").on('hidden.bs.modal', function (e) {\n\t\t\t$('video')[0].pause();\n\t\t});\n\t});\n<\/script>\t\t<script type=\"text\/javascript\">\n\t$('#mainModal').modal({keyboard: false}) ;\n    $(window).on('load',function(){\n        $('#mainModal').modal('show');\n    });\n<\/script>\t\t<script src=\"\/public\/website\/template3\/js\/jquery.fancybox.min.js\"><\/script>\n<script src=\"\/public\/website\/template3\/js\/map\/select2.full.min.js\"><\/script>\n<script>\n\t$(document).ready(function() {\n\t\t$('#ctglist').select2();\n\n\t\t$(document).on('change', '#ctglist', function(){\n\t\t\twindow.location = window.location.origin+'\/duyurular\/'+$('#ctglist').val();\n\t\t});\n\t});\n<\/script>\t\n<\/div><\/div><\/div>\n<\/div>\n<\/div>\n\n\n\n<p><\/p>\n\n\n\n<div class=\"is-layout-flex wp-block-buttons\">\n<div class=\"wp-block-button has-custom-width wp-block-button__width-75 has-custom-font-size is-style-fill has-small-font-size\"><a class=\"wp-block-button__link\" href=\"https:\/\/lab.csb.gov.tr\/duyurular\" style=\"border-radius:42px\" target=\"_blank\" rel=\"noreferrer noopener\">T\u00fcm duyurular<\/a><\/div>\n<\/div>\n\n\n\n<div class=\"wp-block-image is-style-default\"><figure class=\"alignleft size-full\"><img decoding=\"async\" loading=\"lazy\" width=\"318\" height=\"100\" src=\"https:\/\/abal.com.tr\/wp-content\/uploads\/2022\/05\/logocbs.png\" alt=\"\" class=\"wp-image-182\" srcset=\"https:\/\/abal.com.tr\/wp-content\/uploads\/2022\/05\/logocbs.png 318w, https:\/\/abal.com.tr\/wp-content\/uploads\/2022\/05\/logocbs-300x94.png 300w\" sizes=\"(max-width: 318px) 100vw, 318px\" \/><\/figure><\/div>\n\n\n\n<p><\/p>\n","protected":false},"excerpt":{"rendered":"<p>Duyuru Listesi &#8211; \u00c7evre Referans Laboratuvar\u0131 17 May\u0131s 2022 2022 y\u0131l\u0131 1. YT Organizasyonu 2022 y\u0131l\u0131 1. YT Organizasyonu 06 Nisan 2022 MELBES Yetkilendirme Talepleri Hk. Olur MELBES Yetkilendirme Talepleri Hk. Olur 04 Nisan 2022 K\u0130RLET\u0130C\u0130 SALIM VE TA\u015eIMA KAYDI Y\u00d6NETMEL\u0130\u011e\u0130 B\u0130LG\u0130LEND\u0130RME VE DUYURU METN\u0130 K\u0130RLET\u0130C\u0130 SALIM VE TA\u015eIMA KAYDI [&hellip;]<\/p>\n","protected":false},"author":1,"featured_media":0,"parent":0,"menu_order":0,"comment_status":"closed","ping_status":"closed","template":"","meta":[],"_links":{"self":[{"href":"https:\/\/abal.com.tr\/index.php?rest_route=\/wp\/v2\/pages\/45"}],"collection":[{"href":"https:\/\/abal.com.tr\/index.php?rest_route=\/wp\/v2\/pages"}],"about":[{"href":"https:\/\/abal.com.tr\/index.php?rest_route=\/wp\/v2\/types\/page"}],"author":[{"embeddable":true,"href":"https:\/\/abal.com.tr\/index.php?rest_route=\/wp\/v2\/users\/1"}],"replies":[{"embeddable":true,"href":"https:\/\/abal.com.tr\/index.php?rest_route=%2Fwp%2Fv2%2Fcomments&post=45"}],"version-history":[{"count":27,"href":"https:\/\/abal.com.tr\/index.php?rest_route=\/wp\/v2\/pages\/45\/revisions"}],"predecessor-version":[{"id":200,"href":"https:\/\/abal.com.tr\/index.php?rest_route=\/wp\/v2\/pages\/45\/revisions\/200"}],"wp:attachment":[{"href":"https:\/\/abal.com.tr\/index.php?rest_route=%2Fwp%2Fv2%2Fmedia&parent=45"}],"curies":[{"name":"wp","href":"https:\/\/api.w.org\/{rel}","templated":true}]}}