{"id":37,"date":"2022-03-09T11:17:44","date_gmt":"2022-03-09T11:17:44","guid":{"rendered":"http:\/\/abal.com.tr\/?page_id=37"},"modified":"2022-05-19T13:06:43","modified_gmt":"2022-05-19T13:06:43","slug":"imisyon-hava-kalitesi-olcumleri","status":"publish","type":"page","link":"https:\/\/abal.com.tr\/?page_id=37","title":{"rendered":"\u0130misyon [ Hava Kalitesi ] \u00d6l\u00e7\u00fcmleri"},"content":{"rendered":"\n<p><strong>HAVA KAL\u0130TES\u0130 DE\u011eERLEND\u0130RME VE Y\u00d6NET\u0130M\u0130 Y\u00d6NETMEL\u0130\u011e\u0130<\/strong><\/p>\n\n\n\n<p><strong>B\u0130R\u0130NC\u0130 B\u00d6L\u00dcM<\/strong><\/p>\n\n\n\n<p><strong>Ama\u00e7, Kapsam, Dayanak ve Tan\u0131mlar<\/strong><\/p>\n\n\n\n<p><strong>Ama\u00e7<\/strong><\/p>\n\n\n\n<p><strong>MADDE 1 \u2013<\/strong> (1) Bu Y\u00f6netmeli\u011fin amac\u0131; hava kirlili\u011finin \u00e7evre ve insan sa\u011fl\u0131\u011f\u0131 \u00fczerindeki zararl\u0131 etkilerini \u00f6nlemek veya azaltmak i\u00e7in hava kalitesi hedeflerini tan\u0131mlamak ve olu\u015fturmak,&nbsp; tan\u0131mlanm\u0131\u015f metotlar\u0131 ve kriterleri esas alarak hava kalitesini de\u011ferlendirmek, hava kalitesinin iyi oldu\u011fu yerlerde mevcut durumu korumak ve di\u011fer durumlarda iyile\u015ftirmek, hava kalitesi ile ilgili yeterli bilgi toplamak ve uyar\u0131 e\u015fikleri arac\u0131l\u0131\u011f\u0131 ile halk\u0131n bilgilendirilmesini sa\u011flamakt\u0131r.<\/p>\n\n\n\n<p><strong>Kapsam<\/strong><\/p>\n\n\n\n<p><strong>MADDE 2 \u2013<\/strong> (1) Bu Y\u00f6netmelik, hava kalitesi standartlar\u0131n\u0131 ve hava kalitesinin de\u011ferlendirilmesini, &#8220;b\u00f6lge&#8221;ler ve &#8220;alt b\u00f6lge&#8221;lerin olu\u015fturulmas\u0131n\u0131 ve t\u00fcm b\u00f6lgelerde iyi hava kalitesinin sa\u011flanmas\u0131 i\u00e7in al\u0131nmas\u0131 gerekli \u00f6nlemleri kapsar.<\/p>\n\n\n\n<p>(2) Bu Y\u00f6netmelik,&nbsp; i\u015f\u00e7i sa\u011fl\u0131\u011f\u0131 ve g\u00fcvenli\u011fi mevzuat\u0131 kapsam\u0131na giren i\u015f yerleri i\u00e7 ortamlar\u0131nda uygulanmaz.<\/p>\n\n\n\n<p><strong>Dayanak&nbsp;&nbsp;<\/strong><\/p>\n\n\n\n<p><strong>MADDE 3 \u2013<\/strong> (1) Bu Y\u00f6netmelik,<\/p>\n\n\n\n<p>a) 9\/8\/1983 tarihli ve 2872 say\u0131l\u0131 \u00c7evre Kanununun Ek 6 nc\u0131 maddesi ile 1\/5\/2003 tarihli ve 4856 say\u0131l\u0131 \u00c7evre ve Orman Bakanl\u0131\u011f\u0131n\u0131n Te\u015fkilat ve G\u00f6revleri Hakk\u0131nda Kanunun 1 inci, 2 nci ve 9 uncu maddelerine dayan\u0131larak ve<\/p>\n\n\n\n<p>b) Avrupa Birli\u011finin 96\/62\/EC, 99\/30\/EC, 2000\/69\/EC, 2002\/3\/EC ve 2004\/107\/EC say\u0131l\u0131 direktiflerine paralel olarak<\/p>\n\n\n\n<p>haz\u0131rlanm\u0131\u015ft\u0131r.<\/p>\n\n\n\n<p><strong>Tan\u0131mlar<\/strong><\/p>\n\n\n\n<p><strong>MADDE 4 \u2013<\/strong> (1) Bu Y\u00f6netmelikte yer alan;&nbsp;<\/p>\n\n\n\n<p>a) Alt b\u00f6lge: N\u00fcfusu 250.000\u2019den fazla olan bir b\u00f6lgeyi veya n\u00fcfusu 250.000 veya daha az olup hava kalitesinin de\u011ferlendirilmesi ve y\u00f6netiminin gerekli oldu\u011fu kilometrekare ba\u015f\u0131na d\u00fc\u015fen n\u00fcfusun yo\u011fun oldu\u011fu b\u00f6lgeyi,<\/p>\n\n\n\n<p>b) Alt de\u011ferlendirme e\u015fi\u011fi: Alt\u0131na d\u00fc\u015f\u00fcld\u00fc\u011f\u00fcnde, 8 inci maddeye g\u00f6re hava kalitesini de\u011ferlendirmek i\u00e7in modelleme veya nesnel tahminleme tekniklerinin tek ba\u015f\u0131na kullan\u0131labilece\u011fi, Ek I\u2019de belirtilen seviyeyi,<\/p>\n\n\n\n<p>c) Arsenik, Kadmiyum, Nikel ve Benzo(a)piren: PM10 fraksiyonundaki s\u00f6z konusu elementler ve bile\u015fiklerin toplam miktar\u0131n\u0131,<\/p>\n\n\n\n<p>\u00e7) Azot Oksitleri: Milyar ba\u015f\u0131na par\u00e7a (ppb) cinsinden azot monoksit ve azot dioksit konsantrasyonlar\u0131n\u0131n metre k\u00fcp ba\u015f\u0131na mikrogram azot dioksit olarak ifade edilen toplam\u0131n\u0131,<\/p>\n\n\n\n<p>d) Bakanl\u0131k: \u00c7evre ve Orman Bakanl\u0131\u011f\u0131n\u0131,<\/p>\n\n\n\n<p>e) Bilgilendirme e\u015fi\u011fi: A\u015f\u0131ld\u0131\u011f\u0131nda, n\u00fcfusun \u00f6zellikle hassas kesimleri i\u00e7in k\u0131sa s\u00fcreli maruz kalmadan dolay\u0131 insan sa\u011fl\u0131\u011f\u0131na bir riskin s\u00f6z konusu oldu\u011fu ve g\u00fcncel bilginin gerekli oldu\u011fu seviyeyi,<\/p>\n\n\n\n<p>f) B\u00f6lge: Yetkili merci taraf\u0131ndan s\u0131n\u0131rland\u0131r\u0131lm\u0131\u015f bir alan\u0131,<\/p>\n\n\n\n<p>g) De\u011ferlendirme: D\u0131\u015f ortam havas\u0131ndaki bir kirleticinin seviyesini \u00f6l\u00e7mek, hesaplamak, tahmin etmek veya \u00f6ng\u00f6rmek i\u00e7in kullan\u0131lan herhangi bir metodu,<\/p>\n\n\n\n<p>\u011f) D\u0131\u015f ortam havas\u0131: \u00c7al\u0131\u015fma mek\u00e2nlar\u0131 haricinde troposferdeki d\u0131\u015f havay\u0131,<\/p>\n\n\n\n<p>h) Do\u011fal olaylar: Volkanik patlamalar, sismik hareketler, jeotermik hareketler, orman yang\u0131nlar\u0131, \u015fiddetli r\u00fczg\u00e2r olaylar\u0131 veya kuru b\u00f6lgelerden gelen do\u011fal partik\u00fcllerin atmosferde as\u0131l\u0131 kalmas\u0131 veya ta\u015f\u0131nmas\u0131n\u0131,&nbsp;<\/p>\n\n\n\n<p>\u0131) Gaz halindeki toplam c\u0131va: Elementsel c\u0131va buhar\u0131 (Hg0) ve gaz halindeki reaktif c\u0131vay\u0131, di\u011fer bir ifade ile gaz faz\u0131nda bulunmak i\u00e7in yeterince y\u00fcksek buhar bas\u0131nc\u0131na sahip ve suda \u00e7\u00f6z\u00fcnebilir c\u0131va t\u00fcrlerini,<\/p>\n\n\n\n<p>i) Hedef de\u011fer: \u00c7evre ve\/veya insan sa\u011fl\u0131\u011f\u0131 \u00fczerindeki uzun d\u00f6nemli zararl\u0131 etkilerden ka\u00e7\u0131nmak, bunlar\u0131 \u00f6nlemek veya azaltmak amac\u0131yla belirlenen ve \u00f6ng\u00f6r\u00fclen s\u00fcre sonunda m\u00fcmk\u00fcn olan yerlerde ula\u015f\u0131lmas\u0131 gereken seviyeyi,<\/p>\n\n\n\n<p>j) Kirletici: \u0130nsan kaynakl\u0131 faaliyetler sonucunda do\u011frudan veya dolayl\u0131 olarak d\u0131\u015f ortam havas\u0131na verilen ve \u00e7evre ve\/veya insan sa\u011fl\u0131\u011f\u0131 \u00fczerinde zararl\u0131 etkileri olabilecek herhangi bir maddeyi,<\/p>\n\n\n\n<p>k) Limit de\u011fer: \u00c7evre ve\/veya insan sa\u011fl\u0131\u011f\u0131 \u00fczerindeki zararl\u0131 etkilerden ka\u00e7\u0131nmak, bunlar\u0131 \u00f6nlemek veya azaltmak amac\u0131yla bilimsel olarak belirlenen, \u00f6ng\u00f6r\u00fclen s\u00fcre i\u00e7inde ula\u015f\u0131lacak ve ula\u015f\u0131ld\u0131ktan sonra da a\u015f\u0131lmamas\u0131 gereken seviyeyi,<\/p>\n\n\n\n<p>l) Ozon \u00f6nc\u00fcl maddeleri: Bir k\u0131sm\u0131 Ek II\u2019nin E b\u00f6l\u00fcm\u00fcnde listelenen, yer seviyesi ozon olu\u015fumuna katk\u0131da bulunan maddeleri,<\/p>\n\n\n\n<p>m) PM 10: EN 12341 ile tan\u0131mlanan 10 \u00b5m aerodinamik \u00e7apl\u0131 ge\u00e7irgen bir giri\u015ften %50 verimle ge\u00e7en partik\u00fcler maddeyi,<\/p>\n\n\n\n<p>n) PM 2,5: EN 12341 ile tan\u0131mlanan 2,5 \u00b5m aerodinamik \u00e7apl\u0131 ge\u00e7irgen bir giri\u015ften %50 verimle ge\u00e7en partik\u00fcler maddeyi,<\/p>\n\n\n\n<p>o) Polisiklik Aromatik Hidrokarbonlar: Tamamen karbon ve hidrojenden olu\u015fan en az iki birle\u015fik aromatik halkadan olu\u015fmu\u015f organik bile\u015fikleri,<\/p>\n\n\n\n<p>\u00f6) Sabit \u00f6l\u00e7\u00fcmler: \u00d6l\u00e7\u00fcmlerin say\u0131s\u0131 g\u00f6zlemlenen seviyelerin belirlenebilmesini sa\u011flayacak kadar fazla olan ve s\u00fcrekli veya rasgele \u00f6rnekleme \u015feklinde sabit noktalardan al\u0131nan \u00f6l\u00e7\u00fcmleri,<\/p>\n\n\n\n<p>p) Seviye: D\u0131\u015f ortam havas\u0131ndaki bir kirleticinin konsantrasyonunu veya bu kirletici konsantrasyonu nedeniyle belirli bir zamanda y\u00fczeyler \u00fczerinde olu\u015facak \u00e7\u00f6kelmeyi,<\/p>\n\n\n\n<p>r) Tolerans pay\u0131: Bu Y\u00f6netmelikte belirtilen ko\u015fullar do\u011frultusunda limit de\u011ferin a\u015f\u0131labilece\u011fi y\u00fczdeyi,<\/p>\n\n\n\n<p>s) Toplam veya hacimsel \u00e7\u00f6kelme: Belirli bir zaman i\u00e7inde, belirli bir alanda atmosferden toprak, bitkiler, su, binalar gibi y\u00fczeylere ge\u00e7en kirleticilerin toplam k\u00fctlesini,<\/p>\n\n\n\n<p>\u015f) U\u00e7ucu Organik Bile\u015fikler (VOC): G\u00fcne\u015f \u0131\u015f\u0131\u011f\u0131nda azot oksitleri ile reaksiyona girerek foto-kimyasal oksidanlar olu\u015fturabilen, antropojenik ve biyojenik kaynaklardan olu\u015fan metan d\u0131\u015f\u0131ndaki t\u00fcm organik bile\u015fikleri,<\/p>\n\n\n\n<p>t) Uyar\u0131 e\u015fi\u011fi: A\u015f\u0131ld\u0131\u011f\u0131nda, n\u00fcfusun geneli i\u00e7in k\u0131sa s\u00fcreli maruz kalmadan dolay\u0131 insan sa\u011fl\u0131\u011f\u0131na bir riskin s\u00f6z konusu oldu\u011fu ve ilgili yetkili merci taraf\u0131ndan acil \u00f6nlemlerin al\u0131naca\u011f\u0131 seviyeyi,<\/p>\n\n\n\n<p>u) Uzun vadeli hedef: \u00c7evre ve insan sa\u011fl\u0131\u011f\u0131n\u0131n etkin bir \u015fekilde korunmas\u0131 amac\u0131 ile uygun \u00f6nlemlerle ula\u015f\u0131lamayan yerlerde uzun vadede ula\u015f\u0131lacak olan seviyeyi,<\/p>\n\n\n\n<p>\u00fc) \u00dcst de\u011ferlendirme e\u015fi\u011fi: Alt\u0131na d\u00fc\u015f\u00fcld\u00fc\u011f\u00fcnde, 8 inci maddeye g\u00f6re hava kalitesini de\u011ferlendirmek i\u00e7in \u00f6l\u00e7\u00fcmlerin ve modelleme tekniklerinin birlikte kullan\u0131labilece\u011fi, Ek I\u2019de belirtilen seviyeyi,<\/p>\n\n\n\n<p>ifade eder.<\/p>\n\n\n\n<p><\/p>\n\n\n\n<div class=\"is-layout-flex wp-block-buttons\">\n<div class=\"wp-block-button is-style-fill\"><a class=\"wp-block-button__link\" href=\"https:\/\/www.mevzuat.gov.tr\/mevzuat?MevzuatNo=12188&amp;MevzuatTur=7&amp;MevzuatTertip=5\" target=\"_blank\" rel=\"noreferrer noopener\">Tamam\u0131n\u0131 incele &#8230;..<\/a><\/div>\n<\/div>\n\n\n\n<p><\/p>\n\n\n\n<p><\/p>\n\n\n\n<p><\/p>\n","protected":false},"excerpt":{"rendered":"<p>HAVA KAL\u0130TES\u0130 DE\u011eERLEND\u0130RME VE Y\u00d6NET\u0130M\u0130 Y\u00d6NETMEL\u0130\u011e\u0130 B\u0130R\u0130NC\u0130 B\u00d6L\u00dcM Ama\u00e7, Kapsam, Dayanak ve Tan\u0131mlar Ama\u00e7 MADDE 1 \u2013 (1) Bu Y\u00f6netmeli\u011fin amac\u0131; hava kirlili\u011finin \u00e7evre ve insan sa\u011fl\u0131\u011f\u0131 \u00fczerindeki zararl\u0131 etkilerini \u00f6nlemek veya azaltmak i\u00e7in hava kalitesi hedeflerini tan\u0131mlamak ve olu\u015fturmak,&nbsp; tan\u0131mlanm\u0131\u015f metotlar\u0131 ve kriterleri esas alarak hava kalitesini de\u011ferlendirmek, hava [&hellip;]<\/p>\n","protected":false},"author":1,"featured_media":0,"parent":0,"menu_order":0,"comment_status":"closed","ping_status":"closed","template":"","meta":[],"_links":{"self":[{"href":"https:\/\/abal.com.tr\/index.php?rest_route=\/wp\/v2\/pages\/37"}],"collection":[{"href":"https:\/\/abal.com.tr\/index.php?rest_route=\/wp\/v2\/pages"}],"about":[{"href":"https:\/\/abal.com.tr\/index.php?rest_route=\/wp\/v2\/types\/page"}],"author":[{"embeddable":true,"href":"https:\/\/abal.com.tr\/index.php?rest_route=\/wp\/v2\/users\/1"}],"replies":[{"embeddable":true,"href":"https:\/\/abal.com.tr\/index.php?rest_route=%2Fwp%2Fv2%2Fcomments&post=37"}],"version-history":[{"count":6,"href":"https:\/\/abal.com.tr\/index.php?rest_route=\/wp\/v2\/pages\/37\/revisions"}],"predecessor-version":[{"id":161,"href":"https:\/\/abal.com.tr\/index.php?rest_route=\/wp\/v2\/pages\/37\/revisions\/161"}],"wp:attachment":[{"href":"https:\/\/abal.com.tr\/index.php?rest_route=%2Fwp%2Fv2%2Fmedia&parent=37"}],"curies":[{"name":"wp","href":"https:\/\/api.w.org\/{rel}","templated":true}]}}