{"id":266,"date":"2023-04-25T10:45:36","date_gmt":"2023-04-25T10:45:36","guid":{"rendered":"https:\/\/abal.com.tr\/?page_id=266"},"modified":"2023-04-25T10:45:36","modified_gmt":"2023-04-25T10:45:36","slug":"sozlesmenin-gozden-gecirilmesi-ve-musteri-iliskileri-proseduru","status":"publish","type":"page","link":"https:\/\/abal.com.tr\/?page_id=266","title":{"rendered":"S\u00f6zle\u015fmenin g\u00f6zden ge\u00e7irilmesi ve m\u00fc\u015fteri ili\u015fkileri prosed\u00fcr\u00fc"},"content":{"rendered":"\n<div class=\"wp-block-pdfb-pdf-block\" style=\"height:1015px\"><iframe loading=\"lazy\" src=\"https:\/\/abal.com.tr\/wp-content\/uploads\/2023\/04\/Sozlesmenin-gozden-gecirilmesi-ve-musteri-iliskileri-proseduru.pdf?t#toolbar=0&amp;navpanes=0&amp;scrollbar=0\" width=\"100%\" height=\"100%\"><\/iframe><\/div>\n","protected":false},"excerpt":{"rendered":"","protected":false},"author":1,"featured_media":0,"parent":0,"menu_order":0,"comment_status":"closed","ping_status":"closed","template":"","meta":[],"_links":{"self":[{"href":"https:\/\/abal.com.tr\/index.php?rest_route=\/wp\/v2\/pages\/266"}],"collection":[{"href":"https:\/\/abal.com.tr\/index.php?rest_route=\/wp\/v2\/pages"}],"about":[{"href":"https:\/\/abal.com.tr\/index.php?rest_route=\/wp\/v2\/types\/page"}],"author":[{"embeddable":true,"href":"https:\/\/abal.com.tr\/index.php?rest_route=\/wp\/v2\/users\/1"}],"replies":[{"embeddable":true,"href":"https:\/\/abal.com.tr\/index.php?rest_route=%2Fwp%2Fv2%2Fcomments&post=266"}],"version-history":[{"count":1,"href":"https:\/\/abal.com.tr\/index.php?rest_route=\/wp\/v2\/pages\/266\/revisions"}],"predecessor-version":[{"id":267,"href":"https:\/\/abal.com.tr\/index.php?rest_route=\/wp\/v2\/pages\/266\/revisions\/267"}],"wp:attachment":[{"href":"https:\/\/abal.com.tr\/index.php?rest_route=%2Fwp%2Fv2%2Fmedia&parent=266"}],"curies":[{"name":"wp","href":"https:\/\/api.w.org\/{rel}","templated":true}]}}