{"id":2,"date":"2016-05-10T03:48:21","date_gmt":"2016-05-10T03:48:21","guid":{"rendered":"http:\/\/abal.com.tr\/?page_id=2"},"modified":"2022-03-09T14:33:20","modified_gmt":"2022-03-09T14:33:20","slug":"sample-page","status":"publish","type":"page","link":"https:\/\/abal.com.tr\/?page_id=2","title":{"rendered":"Hakk\u0131m\u0131zda"},"content":{"rendered":"\n<p><img decoding=\"async\" loading=\"lazy\" width=\"681\" height=\"234\" class=\"wp-image-97\" style=\"width: 150px;\" src=\"http:\/\/abal.com.tr\/wp-content\/uploads\/2022\/03\/cropped-lg.png\" alt=\"\" srcset=\"https:\/\/abal.com.tr\/wp-content\/uploads\/2022\/03\/cropped-lg.png 681w, https:\/\/abal.com.tr\/wp-content\/uploads\/2022\/03\/cropped-lg-300x103.png 300w\" sizes=\"(max-width: 681px) 100vw, 681px\" \/><\/p>\n\n\n\n<p><strong>ABAL \u00c7EVRE M\u00dcHEND\u0130SL\u0130K DANI\u015eMANLIK LABORATUVAR H\u0130ZM. MAK. \u0130MAL. \u0130TH. \u0130HR. SANAY\u0130 VE T\u0130CARET L\u0130M\u0130TED \u015e\u0130RKET\u0130<\/strong><\/p>\n","protected":false},"excerpt":{"rendered":"<p>ABAL \u00c7EVRE M\u00dcHEND\u0130SL\u0130K DANI\u015eMANLIK LABORATUVAR H\u0130ZM. MAK. \u0130MAL. \u0130TH. \u0130HR. SANAY\u0130 VE T\u0130CARET L\u0130M\u0130TED \u015e\u0130RKET\u0130<\/p>\n","protected":false},"author":1,"featured_media":0,"parent":0,"menu_order":0,"comment_status":"closed","ping_status":"open","template":"page-templates\/template-fullwidth.php","meta":[],"_links":{"self":[{"href":"https:\/\/abal.com.tr\/index.php?rest_route=\/wp\/v2\/pages\/2"}],"collection":[{"href":"https:\/\/abal.com.tr\/index.php?rest_route=\/wp\/v2\/pages"}],"about":[{"href":"https:\/\/abal.com.tr\/index.php?rest_route=\/wp\/v2\/types\/page"}],"author":[{"embeddable":true,"href":"https:\/\/abal.com.tr\/index.php?rest_route=\/wp\/v2\/users\/1"}],"replies":[{"embeddable":true,"href":"https:\/\/abal.com.tr\/index.php?rest_route=%2Fwp%2Fv2%2Fcomments&post=2"}],"version-history":[{"count":3,"href":"https:\/\/abal.com.tr\/index.php?rest_route=\/wp\/v2\/pages\/2\/revisions"}],"predecessor-version":[{"id":102,"href":"https:\/\/abal.com.tr\/index.php?rest_route=\/wp\/v2\/pages\/2\/revisions\/102"}],"wp:attachment":[{"href":"https:\/\/abal.com.tr\/index.php?rest_route=%2Fwp%2Fv2%2Fmedia&parent=2"}],"curies":[{"name":"wp","href":"https:\/\/api.w.org\/{rel}","templated":true}]}}